{"id":15,"date":"2012-07-09T10:28:38","date_gmt":"2012-07-09T10:28:38","guid":{"rendered":"http:\/\/soundlight.se\/?page_id=15"},"modified":"2013-02-20T11:41:21","modified_gmt":"2013-02-20T11:41:21","slug":"kontakt","status":"publish","type":"page","link":"https:\/\/soundlight.se\/index.php\/kontakt\/","title":{"rendered":"kontakt"},"content":{"rendered":"<p>med oss sker enklast genom formul\u00e4ret nedan, s\u00e5 \u00e5terkommer vi till dig.<\/p>\n<p>[contact_form]<\/p>\n","protected":false},"excerpt":{"rendered":"<p>med oss sker enklast genom formul\u00e4ret nedan, s\u00e5 \u00e5terkommer vi till dig. [contact_form]<\/p>\n","protected":false},"author":1,"featured_media":0,"parent":0,"menu_order":0,"comment_status":"closed","ping_status":"closed","template":"","meta":{"footnotes":""},"class_list":["post-15","page","type-page","status-publish","hentry"],"_links":{"self":[{"href":"https:\/\/soundlight.se\/index.php\/wp-json\/wp\/v2\/pages\/15","targetHints":{"allow":["GET"]}}],"collection":[{"href":"https:\/\/soundlight.se\/index.php\/wp-json\/wp\/v2\/pages"}],"about":[{"href":"https:\/\/soundlight.se\/index.php\/wp-json\/wp\/v2\/types\/page"}],"author":[{"embeddable":true,"href":"https:\/\/soundlight.se\/index.php\/wp-json\/wp\/v2\/users\/1"}],"replies":[{"embeddable":true,"href":"https:\/\/soundlight.se\/index.php\/wp-json\/wp\/v2\/comments?post=15"}],"version-history":[{"count":20,"href":"https:\/\/soundlight.se\/index.php\/wp-json\/wp\/v2\/pages\/15\/revisions"}],"predecessor-version":[{"id":560,"href":"https:\/\/soundlight.se\/index.php\/wp-json\/wp\/v2\/pages\/15\/revisions\/560"}],"wp:attachment":[{"href":"https:\/\/soundlight.se\/index.php\/wp-json\/wp\/v2\/media?parent=15"}],"curies":[{"name":"wp","href":"https:\/\/api.w.org\/{rel}","templated":true}]}}